{"id":8,"date":"2015-03-29T15:34:30","date_gmt":"2015-03-29T13:34:30","guid":{"rendered":"http:\/\/streetwork-wuerzburg.de\/?page_id=8"},"modified":"2020-08-20T13:02:06","modified_gmt":"2020-08-20T11:02:06","slug":"streetwork","status":"publish","type":"page","link":"https:\/\/streetwork-wuerzburg.de\/?page_id=8","title":{"rendered":"Streetwork"},"content":{"rendered":"<h3 class=\"menge\"><span class=\"ueber\">Was ist Streetwork?<\/span><\/h3>\n<p class=\"menge\">Streetwork &#8211; zu deutsch Stra\u00dfensozialarbeit &#8211; ist eine aufsuchende Form sozialer Arbeit.<br \/>\nDiese Form der Sozialarbeit ist als andauerndes Kontakt- und Hilfeangebot an Menschen zu verstehen, die aus unterschiedlichen Gr\u00fcnden aus dem gesellschaftlichen Rahmen gefallen sind, sich in schwierigen Lebensverh\u00e4ltnissen befinden und von keiner sozialen Einrichtung mehr erreicht werden.<br \/>\nDas regelm\u00e4\u00dfige und verbindliche Aufsuchen der Menschen in ihren sozialen R\u00e4umen, sichert das Kennenlernen, den Beziehungsaufbau und das Verst\u00e4ndnis der Lebenswirklichkeit dieser Menschen und ist Voraussetzung f\u00fcr die Unterbreitung und Entwicklung angemessener Hilfeangebote.<\/p>\n<h3 class=\"menge\"><span class=\"ueber\"> Streetwork in W\u00fcrzburg <\/span><\/h3>\n<p class=\"menge\">Eine Sozialarbeiterin und ein Sozialarbeiter suchen gef\u00e4hrdete junge Menschen an ihren Aufenthaltsorten vorwiegend am Bahnhof und in der Innenstadt auf.<br \/>\nIn der Zeit zwischen 16 und 18 Uhr sind die Streetworker von Montag bis Freitag am Bahnhof unterwegs.<br \/>\nDie Streetworker stellen Kontakt her und bauen verl\u00e4ssliche Beziehungen auf, um den Adressaten ad\u00e4quate Hilfeangebote anzubieten.<br \/>\nZiel ist es, die betroffenen Menschen im Sinne sekund\u00e4rer Pr\u00e4vention vor weiteren Gef\u00e4hrdungen zu bewahren. Die Stra\u00dfensozialarbeiter helfen Krisen zu bearbeiten und versuchen dar\u00fcber hinaus Alternativen zur derzeitigen Lebenssituation aufzuzeigen. Durch Hilfe zur Selbsthilfe sollen die jungen Menschen gef\u00f6rdert und bef\u00e4higt werden, ihr Leben selbstbestimmt und eigenverantwortlich zu gestalten.<br \/>\nWir wollen unseren Klienten Orientierung zu geben und gemeinsam Perspektiven erarbeiten, um eine schulische, berufliche und soziale Integration zu erm\u00f6glichen.<\/p>\n<p class=\"menge\">Die Streetwork W\u00fcrzburg besteht seit 1996 und ist heute in der Tr\u00e4gerschaft des Diakonischen Werkes W\u00fcrzburg e.V.<\/p>\n<p><a href=\"https:\/\/streetwork-wuerzburg.de\/wp-content\/uploads\/2020\/08\/Simpleshow_StreetworkWuerzburg.mp4\">In diesem Video<\/a> wird die Streetwork einfach erkl\u00e4rt.<\/p>\n","protected":false},"excerpt":{"rendered":"<p>Was ist Streetwork? Streetwork &#8211; zu deutsch Stra\u00dfensozialarbeit &#8211; ist eine aufsuchende Form sozialer Arbeit. Diese Form der Sozialarbeit ist als andauerndes Kontakt- und Hilfeangebot an Menschen zu verstehen, die aus unterschiedlichen Gr\u00fcnden aus dem gesellschaftlichen Rahmen gefallen sind, sich<\/p>\n","protected":false},"author":1,"featured_media":0,"parent":0,"menu_order":0,"comment_status":"closed","ping_status":"closed","template":"","meta":{"_exactmetrics_skip_tracking":false,"_exactmetrics_sitenote_active":false,"_exactmetrics_sitenote_note":"","_exactmetrics_sitenote_category":0,"footnotes":""},"class_list":["post-8","page","type-page","status-publish","hentry"],"_links":{"self":[{"href":"https:\/\/streetwork-wuerzburg.de\/index.php?rest_route=\/wp\/v2\/pages\/8","targetHints":{"allow":["GET"]}}],"collection":[{"href":"https:\/\/streetwork-wuerzburg.de\/index.php?rest_route=\/wp\/v2\/pages"}],"about":[{"href":"https:\/\/streetwork-wuerzburg.de\/index.php?rest_route=\/wp\/v2\/types\/page"}],"author":[{"embeddable":true,"href":"https:\/\/streetwork-wuerzburg.de\/index.php?rest_route=\/wp\/v2\/users\/1"}],"replies":[{"embeddable":true,"href":"https:\/\/streetwork-wuerzburg.de\/index.php?rest_route=%2Fwp%2Fv2%2Fcomments&post=8"}],"version-history":[{"count":4,"href":"https:\/\/streetwork-wuerzburg.de\/index.php?rest_route=\/wp\/v2\/pages\/8\/revisions"}],"predecessor-version":[{"id":354,"href":"https:\/\/streetwork-wuerzburg.de\/index.php?rest_route=\/wp\/v2\/pages\/8\/revisions\/354"}],"wp:attachment":[{"href":"https:\/\/streetwork-wuerzburg.de\/index.php?rest_route=%2Fwp%2Fv2%2Fmedia&parent=8"}],"curies":[{"name":"wp","href":"https:\/\/api.w.org\/{rel}","templated":true}]}}