{"id":53,"date":"2015-03-31T06:56:16","date_gmt":"2015-03-31T04:56:16","guid":{"rendered":"http:\/\/streetwork-wuerzburg.de\/?page_id=53"},"modified":"2026-02-14T19:47:59","modified_gmt":"2026-02-14T18:47:59","slug":"streetwork-leistungsangebot","status":"publish","type":"page","link":"https:\/\/streetwork-wuerzburg.de\/?page_id=53","title":{"rendered":"Streetwork &#8211; Leistungsangebot"},"content":{"rendered":"\n<p><strong><span class=\"mengefett\">Beziehungsarbeit: <\/span><\/strong><br>\nZentrale Aufgabe der Streetworker ist die Beziehungsarbeit. Die Streetworker gehen offensiv auf die jungen Menschen zu, kn\u00fcpfen, halten und pflegen den Kontakt zu den Adressat:innen.<\/p>\n\n\n\n<p><strong><span class=\"mengefett\">Informationsarbeit:<\/span><\/strong><br>\nDie Streetworker informieren \u00fcber soziale Einrichtungen in W\u00fcrzburg, \u00dcbernachtungsm\u00f6glichkeiten, Anspr\u00fcche der Klient:innen bei Sozialleistungstr\u00e4gern, \u00fcber M\u00f6glichkeiten der Wohnung- und Arbeitssuche, etc.<\/p>\n\n\n\n<p><strong> <span class=\"mengefett\">Motivationsarbeit:<\/span><\/strong><br>\nDie Streetworker motivieren ihre Klient:innen, an einer Verbesserung ihrer Lebenssituation zu arbeiten und unterst\u00fctzen sie dabei. H\u00e4ufig ist hierf\u00fcr mehrfache Initiative der Streetworker erforderlich.<\/p>\n\n\n\n<p><strong><span class=\"mengefett\">Vermittlung:<\/span><\/strong><br>\nDie Streetworker vermitteln ihre Adressat:innen an weiterf\u00fchrende soziale Einrichtungen und Hilfeangebote und an Sozialleistungstr\u00e4ger:innen. Durch intensive fallbezogene und fall\u00fcbergreifende Zusammenarbeit mit Institutionen innerhalb und au\u00dferhalb der Jugendhilfe ist ein nahtloser \u00dcbergang zwischen offenen, ambulanten und station\u00e4ren Hilfeformen gew\u00e4hrleistet.<br>\nDaneben vermittelt die Streetwork auch zwischen Parteien (z.B. zwischen Eltern und Jugendlichen, zwischen Klient:innen und Beh\u00f6rden).<\/p>\n\n\n\n<p><strong><span class=\"mengefett\">Begleitung:<\/span><\/strong><br>\nDie Streetwork begleitet Klient:innen \u00fcber einen l\u00e4ngeren Zeitraum zur Stabilisierung ihrer Lebenssituation. Die Jugendlichen und jungen Erwachsenen, die (noch) nicht bereit sind, sich auf Hilfsangebote zum Ausstieg einzulassen, finden bei den Mitarbeiter:innen der Streetwork Unterst\u00fctzung bei der allt\u00e4glichen Lebensbew\u00e4ltigung.<br>\nBei Bedarf begleiten die Streetworker ihre Klient:innen bei Beh\u00f6rdeng\u00e4ngen, bei Erstkontakten zu anderen Einrichtungen.<\/p>\n\n\n\n<p><strong><span class=\"mengefett\">Beratung:<\/span><\/strong><br>\nDie Streetworker leisten psychosoziale Beratung, allgemeine Lebensberatung sowie Beratung bez\u00fcglich Verbesserung der Lebenssituation und Verh\u00fctung von weiterer Gef\u00e4hrdung.<\/p>\n\n\n\n<p><strong><span class=\"mengefett\">Krisenintervention:<\/span><\/strong><br>\nIn Krisensituationen sind die Streetworker pr\u00e4sent, um eine akute Gef\u00e4hrdung abzuwenden und zu deeskalieren. Das Angebot beschr\u00e4nkt sich nicht nur auf die Jugendlichen und jungen Erwachsenen, sondern ist auch offen f\u00fcr Eltern, Lehrer, Mitarbeiter:innen anderer Dienste.<\/p>\n\n\n\n<p><strong><span class=\"mengefett\">Materielle Hilfe:<\/span><\/strong><br>\nIn Ausnahmef\u00e4llen gew\u00e4hren die Streetworker auch materielle Hilfen in Form von finanziellen Mitteln (z.B. \u00dcbernahme der Praxisgeb\u00fchr, in Ausnahmef\u00e4llen: \u00dcbernahme der Mietkaution). Daneben verf\u00fcgt die Stra\u00dfensozialarbeit \u00fcber eine Kleiderkammer in der Anlaufstelle.<\/p>\n\n\n\n<p><strong><span class=\"mengefett\">Freizeit- und Erlebnisp\u00e4dagogik:<\/span><\/strong><br>\nUm alternative Gestaltungsm\u00f6glichkeiten von Freizeit aufzuzeigen, pers\u00f6nliche Grenzen erlebbar zu machen und Erfahrungen abseits der Szene zu nutzen, bietet das Team der Streetwork und der Anlaufstelle Aktionen und Fahrten an. (z.B. Klettern, Kegeln, Boot fahren, Zirkusbesuch)<\/p>\n\n\n\n<p><strong><span class=\"mengefett\">\u00d6ffentlichkeitsarbeit:<\/span><\/strong><br>\nDie Stra\u00dfensozialarbeiter stellen ihre Arbeit vor unterschiedlichsten Interessengruppen (z.B. Kirchengemeinden, Schulklassen, Fachhochschulstudenten) vor. Zum einen um Lobbyarbeit f\u00fcr ihre Klient:innen zu leisten und Verst\u00e4ndnis f\u00fcr deren Situation zu wecken, zum anderen zur Spendenaquise.<\/p>\n","protected":false},"excerpt":{"rendered":"<p>Beziehungsarbeit: Zentrale Aufgabe der Streetworker ist die Beziehungsarbeit. Die Streetworker gehen offensiv auf die jungen Menschen zu, kn\u00fcpfen, halten und pflegen den Kontakt zu den Adressat:innen. Informationsarbeit: Die Streetworker informieren \u00fcber soziale Einrichtungen in W\u00fcrzburg, \u00dcbernachtungsm\u00f6glichkeiten, Anspr\u00fcche der Klient:innen bei<\/p>\n","protected":false},"author":1,"featured_media":0,"parent":8,"menu_order":0,"comment_status":"closed","ping_status":"closed","template":"","meta":{"_exactmetrics_skip_tracking":false,"_exactmetrics_sitenote_active":false,"_exactmetrics_sitenote_note":"","_exactmetrics_sitenote_category":0,"footnotes":""},"class_list":["post-53","page","type-page","status-publish","hentry"],"_links":{"self":[{"href":"https:\/\/streetwork-wuerzburg.de\/index.php?rest_route=\/wp\/v2\/pages\/53","targetHints":{"allow":["GET"]}}],"collection":[{"href":"https:\/\/streetwork-wuerzburg.de\/index.php?rest_route=\/wp\/v2\/pages"}],"about":[{"href":"https:\/\/streetwork-wuerzburg.de\/index.php?rest_route=\/wp\/v2\/types\/page"}],"author":[{"embeddable":true,"href":"https:\/\/streetwork-wuerzburg.de\/index.php?rest_route=\/wp\/v2\/users\/1"}],"replies":[{"embeddable":true,"href":"https:\/\/streetwork-wuerzburg.de\/index.php?rest_route=%2Fwp%2Fv2%2Fcomments&post=53"}],"version-history":[{"count":10,"href":"https:\/\/streetwork-wuerzburg.de\/index.php?rest_route=\/wp\/v2\/pages\/53\/revisions"}],"predecessor-version":[{"id":860,"href":"https:\/\/streetwork-wuerzburg.de\/index.php?rest_route=\/wp\/v2\/pages\/53\/revisions\/860"}],"up":[{"embeddable":true,"href":"https:\/\/streetwork-wuerzburg.de\/index.php?rest_route=\/wp\/v2\/pages\/8"}],"wp:attachment":[{"href":"https:\/\/streetwork-wuerzburg.de\/index.php?rest_route=%2Fwp%2Fv2%2Fmedia&parent=53"}],"curies":[{"name":"wp","href":"https:\/\/api.w.org\/{rel}","templated":true}]}}