{"id":46,"date":"2015-03-31T06:45:24","date_gmt":"2015-03-31T04:45:24","guid":{"rendered":"http:\/\/streetwork-wuerzburg.de\/?page_id=46"},"modified":"2026-02-14T16:29:17","modified_gmt":"2026-02-14T15:29:17","slug":"streetwork-arbeitsprinzipien","status":"publish","type":"page","link":"https:\/\/streetwork-wuerzburg.de\/?page_id=46","title":{"rendered":"Streetwork &#8211; Arbeitsprinzipien"},"content":{"rendered":"<p>Um erfolgreich mit den Adressaten der Streetwork in Kontakt treten zu k\u00f6nnen, sind folgende Arbeitsprinzipien unerl\u00e4sslich. Die Arbeitsprinzipien wurden gemeinsam mit der Bundesarbeitsgemeinschaft\/Landesarbeitsgemeinschaft Streetwork entwickelt.<\/p>\n<p><strong><span class=\"mengefett\">Akzeptierende Haltung: <\/span><\/strong><br \/>\nDer Klientel gegen\u00fcber bedarf es einer offenen, akzeptierenden Haltung, die deren eigene Lebensweise, Vorstellungen und Strategien respektiert. Erst auf dieser Basis ist eine Kooperation zur Erreichung der gesteckten Ziele m\u00f6glich.<\/p>\n<p><strong><span class=\"mengefett\">Alltags- und Lebensweltorientierung: <\/span><\/strong><br \/>\nDies beinhaltet zielgerichtete aufsuchende Arbeit, Anwesenheit im allt\u00e4glichen Umfeld der Adressaten und Methoden und Angebote, die sich an den M\u00f6glichkeiten, Gewohnheiten, Ausdrucksformen, der Lebensrealit\u00e4t, der Alltagskultur und den kulturellen oder ethnischen Identit\u00e4ten der Adressat:innen orientieren.<\/p>\n<p><strong><span class=\"mengefett\">Anonymit\u00e4t und Verschwiegenheit: <\/span><\/strong><br \/>\nAuf Wunsch k\u00f6nnen Klienten anonym beraten werden. Personenbezogene Daten m\u00fcssen nicht erhoben werden. Alle Gespr\u00e4che, Vereinbarungen, usw. mit den Klienten werden vertraulich behandelt. Informationen zu einzelnen Personen werden nur mit Zustimmung des Betroffenen weitergegeben. F\u00fcr junge Menschen gelten dar\u00fcber hinaus die \u00a7\u00a7 61 ff SGB VIII.<\/p>\n<p><strong><span class=\"mengefett\">Fachpolitische Abgrenzung: <\/span><\/strong><br \/>\nStreetwork grenzt sich klar gegen sicherheits- und ordnungspolitische Instrumentalisierung ab.<\/p>\n<p><strong><span class=\"mengefett\">Flexibilit\u00e4t: <\/span><\/strong><br \/>\nDie Anpassung an die \u201cLebensrhythmen\u201c der verschiedenen Zielgruppen erfordert in hohem Ma\u00dfe Flexibilit\u00e4t hinsichtlich der Ver\u00e4nderung der Thematiken, Problemlagen, Methoden, Angebote und Arbeitszeiten.<\/p>\n<p><strong><span class=\"mengefett\">Freiwilligkeit: <\/span><\/strong><br \/>\nDie Adressat:innen entscheiden selbst, ob und wie lange sie das Kontaktangebot zu den Streetworkern annehmen und inwieweit sie Hilfe in Anspruch nehmen m\u00f6chten.<\/p>\n<p><strong><span class=\"mengefett\">Ganzheitlicher Ansatz: <\/span><\/strong><br \/>\nDie Adressat:innen und ihre Situation werden im Zusammenhang mit allen ihren Bed\u00fcrfnissen, sozialen Bez\u00fcgen, Verhaltens\u00e4u\u00dferungen, Interessen, W\u00fcnschen und Einstellungsmustern gesehen.<\/p>\n<p><strong><span class=\"mengefett\">Gendersensibler Ansatz: <\/span><\/strong><br \/>\nUm gendersensible Arbeit zu gew\u00e4hrleisten, legen wir Wert auf ein m\u00f6glichst diverses Team. Dazu sind wir bem\u00fcht uns stetig weiterzubilden. Die Anlaufstelle und das Wohnprojekt sollen explizit Schutzraum sein.<\/p>\n<p><strong><span class=\"mengefett\">Kontinuit\u00e4t: <\/span><\/strong><br \/>\nStreetwork beinhaltet eine gewisse Anlaufzeit, langfristige Prozesse, die meist nur \u00fcber ein entsprechendes Vertrauensverh\u00e4ltnis vorankommen und eine Aufrechterhaltung des Kontaktangebotes \u00fcber l\u00e4ngere Zeitr\u00e4ume. Dies verlangt von den Streetworkern Kontinuit\u00e4t im Sinne einer regelm\u00e4\u00dfigen \u201cSzenepr\u00e4senz\u201c und personelle Kontinuit\u00e4t durch feste Planstellen.<\/p>\n<p><strong><span class=\"mengefett\">Niedrigschwelligkeit: <\/span><\/strong><br \/>\nDas Kontakt- und Hilfsangebot ist niedrigschwellig. Ohne Vorbedingungen oder Vorleistungen k\u00f6nnen die Klient:innen das Hilfsangebot in Anspruch nehmen.<\/p>\n<p><strong><span class=\"mengefett\">Parteilichkeit: <\/span><\/strong><br \/>\nDie Streetworker sind parteilich im Sinne einer Interessenvertretung ihrer Klient:innen. Sie vertreten ausdr\u00fccklich deren soziale Interessen und \u00fcbernehmen diesbez\u00fcglich eine \u201cAnwaltsfunktion\u201c.<\/p>\n<p><strong><span class=\"mengefett\">Ressourcenorientierung: <\/span><\/strong><br \/>\nDie Streetwork f\u00f6rdert die St\u00e4rken, Kompetenzen und F\u00e4higkeiten ihrer Klient:innen.<\/p>\n<p><strong><span class=\"mengefett\">Transparenz: <\/span><\/strong><br \/>\nOffenheit und Ehrlichkeit im Umgang mit den Klient:innen sind Arbeitsvoraussetzungen. Ma\u00dfnahmen und Verfahrensweisen werden offen gelegt und Einflussm\u00f6glichkeiten realistisch dargestellt.<\/p>\n<p><strong><span class=\"mengefett\">Verbindlichkeit: <\/span><\/strong><br \/>\nIn Bezug auf Absprachen und Vereinbarungen ist ein hohes Ma\u00df an Verbindlichkeit notwendig, um als verl\u00e4ssliche Partner:innen den Adressat:innen die notwendige Sicherheit zu geben.<\/p>\n<p><strong><span class=\"mengefett\">Zielgruppenorientierung: <\/span><\/strong><br \/>\nStreetwork ist zielgruppenorientiert und richtet sich in seinen Inhalten und Methoden nach der speziellen Lebenslage der Adressat:innen und deren individuellen Bed\u00fcrfnissen.<\/p>\n","protected":false},"excerpt":{"rendered":"<p>Um erfolgreich mit den Adressaten der Streetwork in Kontakt treten zu k\u00f6nnen, sind folgende Arbeitsprinzipien unerl\u00e4sslich. Die Arbeitsprinzipien wurden gemeinsam mit der Bundesarbeitsgemeinschaft\/Landesarbeitsgemeinschaft Streetwork entwickelt. Akzeptierende Haltung: Der Klientel gegen\u00fcber bedarf es einer offenen, akzeptierenden Haltung, die deren eigene Lebensweise,<\/p>\n","protected":false},"author":1,"featured_media":0,"parent":0,"menu_order":0,"comment_status":"closed","ping_status":"closed","template":"","meta":{"_exactmetrics_skip_tracking":false,"_exactmetrics_sitenote_active":false,"_exactmetrics_sitenote_note":"","_exactmetrics_sitenote_category":0,"footnotes":""},"class_list":["post-46","page","type-page","status-publish","hentry"],"_links":{"self":[{"href":"https:\/\/streetwork-wuerzburg.de\/index.php?rest_route=\/wp\/v2\/pages\/46","targetHints":{"allow":["GET"]}}],"collection":[{"href":"https:\/\/streetwork-wuerzburg.de\/index.php?rest_route=\/wp\/v2\/pages"}],"about":[{"href":"https:\/\/streetwork-wuerzburg.de\/index.php?rest_route=\/wp\/v2\/types\/page"}],"author":[{"embeddable":true,"href":"https:\/\/streetwork-wuerzburg.de\/index.php?rest_route=\/wp\/v2\/users\/1"}],"replies":[{"embeddable":true,"href":"https:\/\/streetwork-wuerzburg.de\/index.php?rest_route=%2Fwp%2Fv2%2Fcomments&post=46"}],"version-history":[{"count":9,"href":"https:\/\/streetwork-wuerzburg.de\/index.php?rest_route=\/wp\/v2\/pages\/46\/revisions"}],"predecessor-version":[{"id":855,"href":"https:\/\/streetwork-wuerzburg.de\/index.php?rest_route=\/wp\/v2\/pages\/46\/revisions\/855"}],"wp:attachment":[{"href":"https:\/\/streetwork-wuerzburg.de\/index.php?rest_route=%2Fwp%2Fv2%2Fmedia&parent=46"}],"curies":[{"name":"wp","href":"https:\/\/api.w.org\/{rel}","templated":true}]}}