{"id":414,"date":"2021-10-27T12:04:09","date_gmt":"2021-10-27T10:04:09","guid":{"rendered":"http:\/\/streetwork-wuerzburg.de\/?page_id=414"},"modified":"2026-02-14T14:43:29","modified_gmt":"2026-02-14T13:43:29","slug":"maria-mittmann","status":"publish","type":"page","link":"https:\/\/streetwork-wuerzburg.de\/?page_id=414","title":{"rendered":"Elenor Ringelmann"},"content":{"rendered":"<p>Im Praktikum von September 2025 &#8211; Februar 2026<\/p>\n<p>verantwortlich f\u00fcr die &#8222;digitale Sprechstunden&#8220; freitags ab M\u00e4rz 2026.<\/p>\n<p>Diese wird erm\u00f6glicht durch <a href=\"https:\/\/www.aktion-mensch.de\/\" target=\"_blank\" rel=\"noopener\">&#8222;<span style=\"color: #ff0000;\">Aktion Mensch<\/span>&#8222;<\/a><\/p>\n\n\n<p><\/p>\n","protected":false},"excerpt":{"rendered":"<p>Im Praktikum von September 2025 &#8211; Februar 2026 verantwortlich f\u00fcr die &#8222;digitale Sprechstunden&#8220; freitags ab M\u00e4rz 2026. Diese wird erm\u00f6glicht durch &#8222;Aktion Mensch&#8222;<\/p>\n","protected":false},"author":1,"featured_media":0,"parent":0,"menu_order":0,"comment_status":"closed","ping_status":"closed","template":"","meta":{"_exactmetrics_skip_tracking":false,"_exactmetrics_sitenote_active":false,"_exactmetrics_sitenote_note":"","_exactmetrics_sitenote_category":0,"footnotes":""},"class_list":["post-414","page","type-page","status-publish","hentry"],"_links":{"self":[{"href":"https:\/\/streetwork-wuerzburg.de\/index.php?rest_route=\/wp\/v2\/pages\/414","targetHints":{"allow":["GET"]}}],"collection":[{"href":"https:\/\/streetwork-wuerzburg.de\/index.php?rest_route=\/wp\/v2\/pages"}],"about":[{"href":"https:\/\/streetwork-wuerzburg.de\/index.php?rest_route=\/wp\/v2\/types\/page"}],"author":[{"embeddable":true,"href":"https:\/\/streetwork-wuerzburg.de\/index.php?rest_route=\/wp\/v2\/users\/1"}],"replies":[{"embeddable":true,"href":"https:\/\/streetwork-wuerzburg.de\/index.php?rest_route=%2Fwp%2Fv2%2Fcomments&post=414"}],"version-history":[{"count":13,"href":"https:\/\/streetwork-wuerzburg.de\/index.php?rest_route=\/wp\/v2\/pages\/414\/revisions"}],"predecessor-version":[{"id":825,"href":"https:\/\/streetwork-wuerzburg.de\/index.php?rest_route=\/wp\/v2\/pages\/414\/revisions\/825"}],"wp:attachment":[{"href":"https:\/\/streetwork-wuerzburg.de\/index.php?rest_route=%2Fwp%2Fv2%2Fmedia&parent=414"}],"curies":[{"name":"wp","href":"https:\/\/api.w.org\/{rel}","templated":true}]}}