{"id":305,"date":"2019-03-15T15:09:59","date_gmt":"2019-03-15T14:09:59","guid":{"rendered":"http:\/\/streetwork-wuerzburg.de\/?page_id=305"},"modified":"2025-01-15T17:16:05","modified_gmt":"2025-01-15T16:16:05","slug":"ehrenamt","status":"publish","type":"page","link":"https:\/\/streetwork-wuerzburg.de\/?page_id=305","title":{"rendered":"Ehrenamt in der Anlaufstelle \u201eUnderground\u201c"},"content":{"rendered":"<p>Du suchst ein interessantes Ehrenamt? Das Team der Anlaufstelle freut sich \u00fcber engagierte Unterst\u00fctzer:innen. Als Ehrenamtliche\/r Mitarbeiter:in \u00fcbernimmst Du Verantwortung im laufenden Betrieb der Anlaufstelle: F\u00fcr die jungen Besucher:innen bist Du Ansprechpartner:in f\u00fcr deren Sorgen, N\u00f6te und auch freudigen Erlebnisse. Du arbeitest selbst\u00e4ndig (im 2er Team) im offenen Betrieb der Anlaufstelle.<\/p>\n<p><a href=\"https:\/\/streetwork-wuerzburg.de\/wp-content\/uploads\/2025\/01\/Flyer-Rueckseite.jpg\"><img loading=\"lazy\" decoding=\"async\" class=\"alignnone wp-image-715 size-full\" src=\"https:\/\/streetwork-wuerzburg.de\/wp-content\/uploads\/2025\/01\/Screenshot_20250115_163258-e1736957360761.jpg\" alt=\"\" width=\"159\" height=\"225\" \/><\/a> <a href=\"https:\/\/streetwork-wuerzburg.de\/wp-content\/uploads\/2025\/01\/Flyer-Rueckseite.jpg\"><img loading=\"lazy\" decoding=\"async\" class=\"alignnone wp-image-716 size-full\" src=\"https:\/\/streetwork-wuerzburg.de\/wp-content\/uploads\/2025\/01\/Screenshot_20250115_163315-e1736957385376.jpg\" alt=\"\" width=\"164\" height=\"225\" \/><\/a><\/p>\n<p>Es erwarten Dich:<\/p>\n<ul>\n<li>interessante und spannende junge Menschen<\/li>\n<li>Einblicke in Lebenswelten junger Menschen, die sonst eher unzug\u00e4nglich sind<\/li>\n<li>die Chance in einem kleinen engagierten Team Berufserfahrung in einem spannenden Arbeitsfeld zu sammeln<\/li>\n<li>Einblicke in das Hilfesystem der Stadt W\u00fcrzburg<\/li>\n<li>Monatliche Teamtreffen, die den Austausch untereinander sowie einen fachlichen Input erm\u00f6glichen<\/li>\n<li>Ein Team-Wochenende ein Mal im Jahr<\/li>\n<li>Fortbildungen der Evangelischen Kinder-, Jugend- und Familienhilfe<\/li>\n<\/ul>\n<p>Wir w\u00fcnschen uns:<\/p>\n<ul>\n<li>Bereitschaft, sich auf unsere Klienten einzulassen \u2013 mit dem Herzen dabei zu sein<\/li>\n<li>Freude und Neugier im Umgang mit jungen Menschen<\/li>\n<li>Erfahrungen in niedrigschwelligen Arbeitsfeldern und\/oder in der Jugendarbeit sind von Vorteil, aber keine Voraussetzung<\/li>\n<li>Verl\u00e4sslichkeit<\/li>\n<li>Selbst\u00e4ndigkeit<\/li>\n<li>Ein gewisses Ma\u00df an psychischer Stabilit\u00e4t<\/li>\n<li>Eine Mindestdauer des Ehrenamts von sechs Monaten<\/li>\n<\/ul>\n<p>Es wird keine Aufwandsentsch\u00e4digung gezahlt. Die w\u00f6chentliche Arbeitszeit betr\u00e4gt ca. 3 Stunden am Nachmittag.<\/p>\n<p>F\u00fcr weitere Informationen und zur Vereinbarung eines Termins zum gegenseitigen Kennenlernen <a href=\"https:\/\/streetwork-wuerzburg.de\/?page_id=23\">wende Dich bitte an das Team der Streetwork.<\/a><\/p>\n<p>Wir freuen uns auf Dich!<\/p>\n","protected":false},"excerpt":{"rendered":"<p>Du suchst ein interessantes Ehrenamt? Das Team der Anlaufstelle freut sich \u00fcber engagierte Unterst\u00fctzer:innen. Als Ehrenamtliche\/r Mitarbeiter:in \u00fcbernimmst Du Verantwortung im laufenden Betrieb der Anlaufstelle: F\u00fcr die jungen Besucher:innen bist Du Ansprechpartner:in f\u00fcr deren Sorgen, N\u00f6te und auch freudigen Erlebnisse.<\/p>\n","protected":false},"author":1,"featured_media":0,"parent":0,"menu_order":0,"comment_status":"closed","ping_status":"closed","template":"","meta":{"_exactmetrics_skip_tracking":false,"_exactmetrics_sitenote_active":false,"_exactmetrics_sitenote_note":"","_exactmetrics_sitenote_category":0,"footnotes":""},"class_list":["post-305","page","type-page","status-publish","hentry"],"_links":{"self":[{"href":"https:\/\/streetwork-wuerzburg.de\/index.php?rest_route=\/wp\/v2\/pages\/305","targetHints":{"allow":["GET"]}}],"collection":[{"href":"https:\/\/streetwork-wuerzburg.de\/index.php?rest_route=\/wp\/v2\/pages"}],"about":[{"href":"https:\/\/streetwork-wuerzburg.de\/index.php?rest_route=\/wp\/v2\/types\/page"}],"author":[{"embeddable":true,"href":"https:\/\/streetwork-wuerzburg.de\/index.php?rest_route=\/wp\/v2\/users\/1"}],"replies":[{"embeddable":true,"href":"https:\/\/streetwork-wuerzburg.de\/index.php?rest_route=%2Fwp%2Fv2%2Fcomments&post=305"}],"version-history":[{"count":10,"href":"https:\/\/streetwork-wuerzburg.de\/index.php?rest_route=\/wp\/v2\/pages\/305\/revisions"}],"predecessor-version":[{"id":723,"href":"https:\/\/streetwork-wuerzburg.de\/index.php?rest_route=\/wp\/v2\/pages\/305\/revisions\/723"}],"wp:attachment":[{"href":"https:\/\/streetwork-wuerzburg.de\/index.php?rest_route=%2Fwp%2Fv2%2Fmedia&parent=305"}],"curies":[{"name":"wp","href":"https:\/\/api.w.org\/{rel}","templated":true}]}}