{"id":18,"date":"2015-03-29T15:58:36","date_gmt":"2015-03-29T13:58:36","guid":{"rendered":"http:\/\/streetwork-wuerzburg.de\/?page_id=18"},"modified":"2026-02-14T15:00:14","modified_gmt":"2026-02-14T14:00:14","slug":"unterstuetzung-und-spenden","status":"publish","type":"page","link":"https:\/\/streetwork-wuerzburg.de\/?page_id=18","title":{"rendered":"Unterst\u00fctzung und Spenden"},"content":{"rendered":"<p class=\"menge\"><span class=\"menge\"> Die Arbeit der Streetwork und der Anlaufstelle ist in dieser Form nur durch die breite Unterst\u00fctzung vieler engagierter B\u00fcrger:innen W\u00fcrzburgs m\u00f6glich. Vielen Dank an dieser Stelle an all die zahlreichen Personen und Organisationen, welche die arbeit der Streetwork f\u00f6rdern und unterst\u00fctzen!<br \/>\nM\u00f6chten Sie unsere Arbeit unterst\u00fctzen ist das auf vielf\u00e4ltige Weise m\u00f6glich:<\/span><\/p>\n<p class=\"menge\"><strong><span class=\"mengefett\">Werden Sie Teil des Teams der ehrenamtlichen Mitarbeiter:innen der Anlaufstelle &#8222;Underground&#8220;!<\/span><\/strong><br \/>\nF\u00fcr unser engagiertes Team suchen wir tatkr\u00e4ftige Unterst\u00fctzung. <a href=\"https:\/\/streetwork-wuerzburg.de\/?page_id=305\" target=\"_blank\" rel=\"noopener\">Mehr<\/a><\/p>\n<p><strong><span class=\"mengefett\">Unterst\u00fctzen Sie unsere Arbeit mit einer Geld- oder Sachspende!<\/span><\/strong><br \/>\nDie Personalkosten der Streetwork werden durch Zusch\u00fcsse von Stadt und Landkreis W\u00fcrzburg und einen Eigenanteil der Diakonie gesichert. Die Anlaufstelle \u201aUnderground\u2019 jedoch ist ausschlie\u00dflich aus Spenden finanziert. F\u00fcr Miete, Strom, Wasser, Telefon und v.a. f\u00fcr das Bereitstellen von Lebenssmitteln und Hygieneartikel f\u00fcr unsere Besucher sind wir dringend auf Unterst\u00fctzung angewiesen.<\/p>\n<p class=\"menge\"><span class=\"mengefett\">Spendenkonto:<\/span><br \/>\nDiakonisches Werk W\u00fcrzburg<\/p>\n<p>Sparkasse Mainfranken<\/p>\n<p>IBAN: DE45 790 500 0000 49002082<\/p>\n<p>Stichwort: Streetwork<br \/>\n<iframe loading=\"lazy\" style=\"border: 0; padding: 0; margin: 0;\" src=\"https:\/\/www.betterplace-widget.org\/projects\/147081?l=de\" width=\"100%\" height=\"320\" frameborder=\"0\" marginwidth=\"0\" marginheight=\"0\">Informieren und spenden: &lt;a href=&#8217;https:\/\/www.betterplace.org\/de\/projects\/147081-das-wohnprojekt-der-streetwork-wuerzburg&#8216; target=&#8217;_blank&#8216;&gt;\u201eDas Wohnprojekt der Streetwork W\u00fcrzburg\u201c&lt;\/a&gt; auf betterplace.org \u00f6ffnen.<\/iframe><br \/>\n<iframe loading=\"lazy\" style=\"border: 0; padding: 0; margin: 0;\" src=\"https:\/\/www.betterplace-widget.org\/projects\/106327?l=de\" width=\"100%\" height=\"320\" frameborder=\"0\" marginwidth=\"0\" marginheight=\"0\">Informieren und spenden: &lt;a href=&#8217;https:\/\/www.betterplace.org\/de\/projects\/106327-streetwork-wuerzburg-ein-fonds-fuer-unbuerokratische-einzelfallhilfen&#8216; target=&#8217;_blank&#8216;&gt;\u201eStreetwork W\u00fcrzburg: Ein Fonds f\u00fcr unb\u00fcrokratische Einzelfallhilfen\u201c&lt;\/a&gt; auf betterplace.org \u00f6ffnen.<\/iframe><\/p>\n<p class=\"menge\"><iframe loading=\"lazy\" style=\"margin: 0px; padding: 0px; border: 0px currentColor;\" src=\"https:\/\/www.betterplace-widget.org\/projects\/62567?l=de\" width=\"100%\" height=\"320\" frameborder=\"0\" marginwidth=\"0\" marginheight=\"0\">Informieren und spenden: <a href=\"https:\/\/www.betterplace.org\/de\/projects\/62567-underground-die-anlaufstelle-der-streetwork-fur-junge-menschen-am-bahnhof\" target=\"_blank\" rel=\"noopener\">\u201eUnderground &#8211; Die Anlaufstelle der Streetwork f\u00fcr junge Menschen am Bahnhof\u201c<\/a> auf betterplace.org \u00f6ffnen.<\/iframe><\/p>\n<p class=\"menge\">Auch im Hinblick auf die Ausstattung der Anlaufstelle sind wir im Bedarfsfall sehr dankbar f\u00fcr Unterst\u00fctzung. Nur mit der Hilfe unserer bisherigen Sponsor:innen konnte die Anlaufstelle mit Telefon, PC, Drucker, Fax, Sp\u00fcl- und Waschmaschine, Trockner, Tischen, St\u00fchlen \u2026 ausgestattet werden.<\/p>\n<p class=\"menge\"><strong><span class=\"mengefett\">Backen Sie uns einen leckeren Kuchen f\u00fcr das Umsonst &amp; Drau\u00dfen Festival!<\/span><\/strong><br \/>\nJedes Jahr Mitte Juni findet auf den W\u00fcrzburger Mainwiesen das Umsonst &amp; Drau\u00dfen Festival statt. F\u00fcr unsere Klient:innen, die oft mittellos sind, soll die Veranstaltung ihrem Namen gerecht werden: An unserem Stand gibt es f\u00fcr sie das legend\u00e4re Chilli, Kaffee, Kuchen und Getr\u00e4nke gratis. F\u00fcr unsere Leute bedeutet das Festival zus\u00e4tzlich einen willkommenen Perspektivenwechsel, wenn sie von W\u00fcrzburger Pers\u00f6nlichkeiten, die uns in unserem Stand tatkr\u00e4ftig zur Seite stehen, bedient werden. Nat\u00fcrlich k\u00f6nnen Festivalbesucher:innen an unserem Stand Kaffee und Kuchen erwerben, Tischkicker spielen, die Fotobox nutzen sowie sich \u00fcber die Arbeit der Streetwork informieren.<br \/>\nDer gespendete Kuchen kommt also zum einen unseren Klient:innen direkt zugute, zum anderen \u00fcber die Einnahmen aus dem Verkauf der Arbeit der Streetwork. Der Kuchen w\u00fcrde bei Ihnen Zuhause abgeholt werden.<br \/>\nFalls Sie uns in dieser Weise helfen m\u00f6chten, setzten Sie sich bitte mit uns in Verbindung.<\/p>\n<p class=\"menge\"><strong><span class=\"mengefett\">Wir suchen Menschen, die uns in der Au\u00dfendarstellung unserer Arbeit unterst\u00fctzen!<\/span><\/strong><br \/>\nZu verschiedenen Anl\u00e4ssen (Jahresberichte, Presseartikel, Festival) suchen wir Personen, die die Arbeit der Streetwork z.B. in aussagekr\u00e4ftigen Fotos festhalten. Auch k\u00f6nnen wir Mitarbeit bei der Pflege des social media Auftritts und der Homepage gebrauchen.<\/p>\n<p class=\"menge\"><strong><span class=\"mengefett\">Und: In der Streetwork ist es m\u00f6glich, sein Jahrespraktikum im Studiengang Soziale Arbeit abzuleisten!<\/span><\/strong><\/p>\n","protected":false},"excerpt":{"rendered":"<p>Die Arbeit der Streetwork und der Anlaufstelle ist in dieser Form nur durch die breite Unterst\u00fctzung vieler engagierter B\u00fcrger:innen W\u00fcrzburgs m\u00f6glich. Vielen Dank an dieser Stelle an all die zahlreichen Personen und Organisationen, welche die arbeit der Streetwork f\u00f6rdern und<\/p>\n","protected":false},"author":1,"featured_media":0,"parent":0,"menu_order":0,"comment_status":"closed","ping_status":"closed","template":"","meta":{"_exactmetrics_skip_tracking":false,"_exactmetrics_sitenote_active":false,"_exactmetrics_sitenote_note":"","_exactmetrics_sitenote_category":0,"footnotes":""},"class_list":["post-18","page","type-page","status-publish","hentry"],"_links":{"self":[{"href":"https:\/\/streetwork-wuerzburg.de\/index.php?rest_route=\/wp\/v2\/pages\/18","targetHints":{"allow":["GET"]}}],"collection":[{"href":"https:\/\/streetwork-wuerzburg.de\/index.php?rest_route=\/wp\/v2\/pages"}],"about":[{"href":"https:\/\/streetwork-wuerzburg.de\/index.php?rest_route=\/wp\/v2\/types\/page"}],"author":[{"embeddable":true,"href":"https:\/\/streetwork-wuerzburg.de\/index.php?rest_route=\/wp\/v2\/users\/1"}],"replies":[{"embeddable":true,"href":"https:\/\/streetwork-wuerzburg.de\/index.php?rest_route=%2Fwp%2Fv2%2Fcomments&post=18"}],"version-history":[{"count":17,"href":"https:\/\/streetwork-wuerzburg.de\/index.php?rest_route=\/wp\/v2\/pages\/18\/revisions"}],"predecessor-version":[{"id":828,"href":"https:\/\/streetwork-wuerzburg.de\/index.php?rest_route=\/wp\/v2\/pages\/18\/revisions\/828"}],"wp:attachment":[{"href":"https:\/\/streetwork-wuerzburg.de\/index.php?rest_route=%2Fwp%2Fv2%2Fmedia&parent=18"}],"curies":[{"name":"wp","href":"https:\/\/api.w.org\/{rel}","templated":true}]}}