{"id":155,"date":"2015-04-29T14:52:39","date_gmt":"2015-04-29T12:52:39","guid":{"rendered":"http:\/\/streetwork-wuerzburg.de\/?page_id=155"},"modified":"2026-02-14T17:04:32","modified_gmt":"2026-02-14T16:04:32","slug":"anlaufstelle-underground-jobcenter","status":"publish","type":"page","link":"https:\/\/streetwork-wuerzburg.de\/?page_id=155","title":{"rendered":"Anlaufstelle Underground &#8211; Jobcenter"},"content":{"rendered":"<p>Die Streetwork W\u00fcrzburg kooperiert mit dem Jobcenter der Stadt W\u00fcrzburg, um die Wege kurz und die B\u00fcrokratie m\u00f6glichst klein zu halten. Einmal im Monat bietet ein:e Mitarbeiter:in des Jobcenters der Stadt besonders f\u00fcr Menchen unter 25 Jahren eine Sprechstunde in der Anlaufstelle an. alle Belange rund um das Thema Jobcenter, Arbeitslosengeld II und berufliche Integration sind besprechbar. Auch die monatliche Meldung f\u00fcr Menschen ohne festen Wohnsitz (im Rahmen der Erreichbarkeitsanordnung) ist hier m\u00f6glich.<\/p>\n<p><a href=\"https:\/\/streetwork-wuerzburg.de\/wp-content\/uploads\/2026\/02\/Jobcenter-2.jpg\"><img loading=\"lazy\" decoding=\"async\" class=\"alignleft wp-image-847 size-medium\" src=\"https:\/\/streetwork-wuerzburg.de\/wp-content\/uploads\/2026\/02\/Jobcenter-2-296x300.jpg\" alt=\"\" width=\"296\" height=\"300\" \/><\/a>Die n\u00e4chsten Termine in 2026:<\/p>\n<p>17. M\u00e4rz<\/p>\n<p>14. April<\/p>\n<p>12. Mai<\/p>\n<p>16. Juni<\/p>\n<p>ab 14.30 Uhr<\/p>\n","protected":false},"excerpt":{"rendered":"<p>Die Streetwork W\u00fcrzburg kooperiert mit dem Jobcenter der Stadt W\u00fcrzburg, um die Wege kurz und die B\u00fcrokratie m\u00f6glichst klein zu halten. Einmal im Monat bietet ein:e Mitarbeiter:in des Jobcenters der Stadt besonders f\u00fcr Menchen unter 25 Jahren eine Sprechstunde in<\/p>\n","protected":false},"author":1,"featured_media":847,"parent":0,"menu_order":0,"comment_status":"closed","ping_status":"closed","template":"","meta":{"_exactmetrics_skip_tracking":false,"_exactmetrics_sitenote_active":false,"_exactmetrics_sitenote_note":"","_exactmetrics_sitenote_category":0,"footnotes":""},"class_list":["post-155","page","type-page","status-publish","has-post-thumbnail","hentry"],"_links":{"self":[{"href":"https:\/\/streetwork-wuerzburg.de\/index.php?rest_route=\/wp\/v2\/pages\/155","targetHints":{"allow":["GET"]}}],"collection":[{"href":"https:\/\/streetwork-wuerzburg.de\/index.php?rest_route=\/wp\/v2\/pages"}],"about":[{"href":"https:\/\/streetwork-wuerzburg.de\/index.php?rest_route=\/wp\/v2\/types\/page"}],"author":[{"embeddable":true,"href":"https:\/\/streetwork-wuerzburg.de\/index.php?rest_route=\/wp\/v2\/users\/1"}],"replies":[{"embeddable":true,"href":"https:\/\/streetwork-wuerzburg.de\/index.php?rest_route=%2Fwp%2Fv2%2Fcomments&post=155"}],"version-history":[{"count":12,"href":"https:\/\/streetwork-wuerzburg.de\/index.php?rest_route=\/wp\/v2\/pages\/155\/revisions"}],"predecessor-version":[{"id":850,"href":"https:\/\/streetwork-wuerzburg.de\/index.php?rest_route=\/wp\/v2\/pages\/155\/revisions\/850"}],"wp:featuredmedia":[{"embeddable":true,"href":"https:\/\/streetwork-wuerzburg.de\/index.php?rest_route=\/wp\/v2\/media\/847"}],"wp:attachment":[{"href":"https:\/\/streetwork-wuerzburg.de\/index.php?rest_route=%2Fwp%2Fv2%2Fmedia&parent=155"}],"curies":[{"name":"wp","href":"https:\/\/api.w.org\/{rel}","templated":true}]}}