{"id":146,"date":"2015-04-29T14:51:41","date_gmt":"2015-04-29T12:51:41","guid":{"rendered":"http:\/\/streetwork-wuerzburg.de\/?page_id=146"},"modified":"2026-02-14T14:30:36","modified_gmt":"2026-02-14T13:30:36","slug":"anlaufstelle-underground-kostenlose-arztsprechstunde","status":"publish","type":"page","link":"https:\/\/streetwork-wuerzburg.de\/?page_id=146","title":{"rendered":"Kostenlose Arztsprechstunde"},"content":{"rendered":"<p>Donnerstags ab 14 Uhr und montgs ab 17 Uhr findet in den R\u00e4umen der Anlaufstelle eine kostenlose Arztsprechstunde der W\u00fcrzburger Stra\u00dfenambulanz statt.<\/p>\n<p><a href=\"https:\/\/streetwork-wuerzburg.de\/wp-content\/uploads\/2023\/07\/Arztsprechstunde-scaled.jpg\"><img loading=\"lazy\" decoding=\"async\" class=\"alignnone  wp-image-599\" src=\"https:\/\/streetwork-wuerzburg.de\/wp-content\/uploads\/2023\/07\/Arztsprechstunde-scaled.jpg\" alt=\"\" width=\"293\" height=\"409\" srcset=\"https:\/\/streetwork-wuerzburg.de\/wp-content\/uploads\/2023\/07\/Arztsprechstunde-scaled.jpg 1833w, https:\/\/streetwork-wuerzburg.de\/wp-content\/uploads\/2023\/07\/Arztsprechstunde-215x300.jpg 215w, https:\/\/streetwork-wuerzburg.de\/wp-content\/uploads\/2023\/07\/Arztsprechstunde-733x1024.jpg 733w, https:\/\/streetwork-wuerzburg.de\/wp-content\/uploads\/2023\/07\/Arztsprechstunde-768x1073.jpg 768w, https:\/\/streetwork-wuerzburg.de\/wp-content\/uploads\/2023\/07\/Arztsprechstunde-1100x1536.jpg 1100w, https:\/\/streetwork-wuerzburg.de\/wp-content\/uploads\/2023\/07\/Arztsprechstunde-1466x2048.jpg 1466w\" sizes=\"auto, (max-width: 293px) 100vw, 293px\" \/><\/a><\/p>\n","protected":false},"excerpt":{"rendered":"<p>Donnerstags ab 14 Uhr und montgs ab 17 Uhr findet in den R\u00e4umen der Anlaufstelle eine kostenlose Arztsprechstunde der W\u00fcrzburger Stra\u00dfenambulanz statt.<\/p>\n","protected":false},"author":1,"featured_media":0,"parent":0,"menu_order":0,"comment_status":"closed","ping_status":"closed","template":"","meta":{"_exactmetrics_skip_tracking":false,"_exactmetrics_sitenote_active":false,"_exactmetrics_sitenote_note":"","_exactmetrics_sitenote_category":0,"footnotes":""},"class_list":["post-146","page","type-page","status-publish","hentry"],"_links":{"self":[{"href":"https:\/\/streetwork-wuerzburg.de\/index.php?rest_route=\/wp\/v2\/pages\/146","targetHints":{"allow":["GET"]}}],"collection":[{"href":"https:\/\/streetwork-wuerzburg.de\/index.php?rest_route=\/wp\/v2\/pages"}],"about":[{"href":"https:\/\/streetwork-wuerzburg.de\/index.php?rest_route=\/wp\/v2\/types\/page"}],"author":[{"embeddable":true,"href":"https:\/\/streetwork-wuerzburg.de\/index.php?rest_route=\/wp\/v2\/users\/1"}],"replies":[{"embeddable":true,"href":"https:\/\/streetwork-wuerzburg.de\/index.php?rest_route=%2Fwp%2Fv2%2Fcomments&post=146"}],"version-history":[{"count":11,"href":"https:\/\/streetwork-wuerzburg.de\/index.php?rest_route=\/wp\/v2\/pages\/146\/revisions"}],"predecessor-version":[{"id":818,"href":"https:\/\/streetwork-wuerzburg.de\/index.php?rest_route=\/wp\/v2\/pages\/146\/revisions\/818"}],"wp:attachment":[{"href":"https:\/\/streetwork-wuerzburg.de\/index.php?rest_route=%2Fwp%2Fv2%2Fmedia&parent=146"}],"curies":[{"name":"wp","href":"https:\/\/api.w.org\/{rel}","templated":true}]}}