{"id":141,"date":"2015-04-29T14:44:53","date_gmt":"2015-04-29T12:44:53","guid":{"rendered":"http:\/\/streetwork-wuerzburg.de\/?page_id=141"},"modified":"2026-04-21T18:58:09","modified_gmt":"2026-04-21T16:58:09","slug":"anlaufstelle-underground-angebot","status":"publish","type":"page","link":"https:\/\/streetwork-wuerzburg.de\/?page_id=141","title":{"rendered":"Anlaufstelle Underground &#8211; Angebot"},"content":{"rendered":"<p>Das Underground bietet&#8230;<\/p>\n<p><img loading=\"lazy\" decoding=\"async\" class=\" size-full wp-image-171 alignleft\" src=\"https:\/\/streetwork-wuerzburg.de\/wp-content\/uploads\/2015\/04\/EssenTrinken.jpg\" alt=\"Essen und Trinken\" width=\"150\" height=\"150\" \/><strong><span class=\"mengefett\">&#8230; Essen &amp; Trinken<\/span><\/strong><br \/>Es besteht die M\u00f6glichkeit, sich eine kleine Mahlzeit zu kochen, Brotzeit zu machen, Kaffee, Tee oder Wasser zu trinken.<\/p>\n<p><img loading=\"lazy\" decoding=\"async\" class=\"alignleft size-full wp-image-172\" src=\"https:\/\/streetwork-wuerzburg.de\/wp-content\/uploads\/2015\/04\/WaschenHygiene.jpg\" alt=\"Waschen und Hygiene\" width=\"150\" height=\"150\" \/><strong><span class=\"mengefett\">&#8230; Waschen &amp; Hygiene<\/span><\/strong><br \/>Eine Dusche (barrierefrei), Hygieneartikel sowie eine Waschmaschine und ein Trockner k\u00f6nnen genutzt werden. Nach Verf\u00fcgbarkeit wird second-hand-Kleidung ausgegeben.<\/p>\n<p><img loading=\"lazy\" decoding=\"async\" class=\"alignleft size-full wp-image-173\" src=\"https:\/\/streetwork-wuerzburg.de\/wp-content\/uploads\/2015\/04\/ErreichbarkeitKommunikation.jpg\" alt=\"Erreichbarkeit und Kommunikation\" width=\"150\" height=\"150\" \/><strong><span class=\"mengefett\">&#8230; Erreichbarkeit &amp; Kommunikation<\/span><\/strong><br \/>Ein PC mit Internet, Telefon und Fax stehen zur Verf\u00fcgung. Bei Bedarf kann das Underground als Postadresse dienen.<\/p>\n<p><img loading=\"lazy\" decoding=\"async\" class=\"alignleft size-full wp-image-174\" src=\"https:\/\/streetwork-wuerzburg.de\/wp-content\/uploads\/2015\/04\/HilfeUnterstuertzung.jpg\" alt=\"Hilfe und Unterst\u00fctzung\" width=\"150\" height=\"150\" \/><strong><span class=\"mengefett\">&#8230; Hilfe &amp; Unterst\u00fctzung<\/span><\/strong><br \/>Hier findest Du offene Ohren und Unterst\u00fctzung z.B. bei Wohnungs- und Arbeitssuche. Dazu gibt es Flyer und Informationen zu vielen Themen und Einrichtungen. Die Streetwork kann an weiterf\u00fchrende Hilfeangebote und Projekte vermitteln.<\/p>\n<p>\u00a0<\/p>\n<p>Die Anlaufstelle \u201aUnderground\u2018 finanziert sich ausschlie\u00dflich durch <a href=\"https:\/\/streetwork-wuerzburg.de\/wp-admin\/customize.php?url=https%3A%2F%2Fstreetwork-wuerzburg.de%2F%3Fpage_id%3D12\" target=\"_blank\" rel=\"noopener\">Spenden<\/a>. Nur durch das Engagement unserer Ehrenamtlichen Mitarbeiter\/innen, die zu den \u00d6ffnungszeiten Dienst tun, ist der Betrieb der Anlaufstelle in dieser Form m\u00f6glich. Wenn auch Sie sich engagieren m\u00f6chten, <a href=\"https:\/\/streetwork-wuerzburg.de\/wp-admin\/customize.php?url=https%3A%2F%2Fstreetwork-wuerzburg.de%2F%3Fpage_id%3D12\">sprechen Sie uns an.<\/a><\/p>\n\n\n<p>Immer freitags findest Du &#8222;digital support&#8220;: Hilfe bei Online-Zug\u00e4ngen, Apps, online banking usw. <\/p>\n","protected":false},"excerpt":{"rendered":"<p>Das Underground bietet&#8230; &#8230; Essen &amp; TrinkenEs besteht die M\u00f6glichkeit, sich eine kleine Mahlzeit zu kochen, Brotzeit zu machen, Kaffee, Tee oder Wasser zu trinken. &#8230; Waschen &amp; HygieneEine Dusche (barrierefrei), Hygieneartikel sowie eine Waschmaschine und ein Trockner k\u00f6nnen genutzt<\/p>\n","protected":false},"author":1,"featured_media":0,"parent":0,"menu_order":0,"comment_status":"closed","ping_status":"closed","template":"","meta":{"_exactmetrics_skip_tracking":false,"_exactmetrics_sitenote_active":false,"_exactmetrics_sitenote_note":"","_exactmetrics_sitenote_category":0,"footnotes":""},"class_list":["post-141","page","type-page","status-publish","hentry"],"_links":{"self":[{"href":"https:\/\/streetwork-wuerzburg.de\/index.php?rest_route=\/wp\/v2\/pages\/141","targetHints":{"allow":["GET"]}}],"collection":[{"href":"https:\/\/streetwork-wuerzburg.de\/index.php?rest_route=\/wp\/v2\/pages"}],"about":[{"href":"https:\/\/streetwork-wuerzburg.de\/index.php?rest_route=\/wp\/v2\/types\/page"}],"author":[{"embeddable":true,"href":"https:\/\/streetwork-wuerzburg.de\/index.php?rest_route=\/wp\/v2\/users\/1"}],"replies":[{"embeddable":true,"href":"https:\/\/streetwork-wuerzburg.de\/index.php?rest_route=%2Fwp%2Fv2%2Fcomments&post=141"}],"version-history":[{"count":9,"href":"https:\/\/streetwork-wuerzburg.de\/index.php?rest_route=\/wp\/v2\/pages\/141\/revisions"}],"predecessor-version":[{"id":959,"href":"https:\/\/streetwork-wuerzburg.de\/index.php?rest_route=\/wp\/v2\/pages\/141\/revisions\/959"}],"wp:attachment":[{"href":"https:\/\/streetwork-wuerzburg.de\/index.php?rest_route=%2Fwp%2Fv2%2Fmedia&parent=141"}],"curies":[{"name":"wp","href":"https:\/\/api.w.org\/{rel}","templated":true}]}}