{"id":127,"date":"2015-04-08T06:51:20","date_gmt":"2015-04-08T04:51:20","guid":{"rendered":"http:\/\/streetwork-wuerzburg.de\/?page_id=127"},"modified":"2026-02-14T14:28:24","modified_gmt":"2026-02-14T13:28:24","slug":"startseite","status":"publish","type":"page","link":"https:\/\/streetwork-wuerzburg.de\/","title":{"rendered":"Startseite"},"content":{"rendered":"<h3 class=\"menge\"><span class=\"ueber\">Willkommen auf der Homepage\u00a0der Streetwork W\u00fcrzburg<\/span><\/h3>\n<p class=\"menge\">Streetwork &#8211; zu deutsch Stra\u00dfensozialarbeit &#8211; ist eine aufsuchende Form sozialer Arbeit.<br \/>\nDiese Form der Sozialarbeit ist als andauerndes Kontakt- und Hilfeangebot an Menschen zu verstehen, die aus unterschiedlichen Gr\u00fcnden aus dem gesellschaftlichen Rahmen gefallen sind, sich in schwierigen Lebensverh\u00e4ltnissen befinden und von keiner sozialen Einrichtung mehr erreicht werden.<br \/>\nDas regelm\u00e4\u00dfige und verbindliche Aufsuchen der Menschen in ihren sozialen R\u00e4umen, sichert das Kennenlernen, den Beziehungsaufbau und das Verst\u00e4ndnis der Lebenswirklichkeit dieser Menschen und ist Voraussetzung f\u00fcr die Unterbreitung und Entwicklung angemessener Hilfeangebote.<\/p>\n<p class=\"menge\">Unser Ziel ist es, die betroffenen Menschen im Sinne sekund\u00e4rer Pr\u00e4vention vor weiteren Gef\u00e4hrdungen zu bewahren. Die Streetworker\u00a0 helfen Krisen zu bearbeiten und versuchen dar\u00fcber hinaus Alternativen zur derzeitigen Lebenssituation aufzuzeigen. Durch Hilfe zur Selbsthilfe sollen die jungen Menschen gef\u00f6rdert und bef\u00e4higt werden, ihr Leben selbstbestimmt und eigenverantwortlich zu gestalten.<br \/>\nWir wollen unseren Klienten Orientierung zu geben und gemeinsam Perspektiven erarbeiten, um eine schulische, berufliche und soziale Integration zu erm\u00f6glichen.<\/p>\n<h3 class=\"menge\"><span class=\"ueber\">Unterst\u00fctzen Sie uns!<\/span><\/h3>\n<p class=\"menge\">Die Arbeit der Streetwork und der Anlaufstelle ist in dieser Form nur durch die breite Unterst\u00fctzung vieler engagierter W\u00fcrzburger B\u00fcrger:innen m\u00f6glich. Die Anlaufstelle ist ausschlie\u00dflich aus Spenden finanziert und funktioniert vor allem Dank der Hilfe von Ehrenamtlichen. <a title=\"Unterst\u00fctzung und Spenden\" href=\"https:\/\/streetwork-wuerzburg.de\/?page_id=18\">Wie Sie uns unterst\u00fctzen k\u00f6nnen erfahren Sie hier.<\/a><\/p>\n","protected":false},"excerpt":{"rendered":"<p>Willkommen auf der Homepage\u00a0der Streetwork W\u00fcrzburg Streetwork &#8211; zu deutsch Stra\u00dfensozialarbeit &#8211; ist eine aufsuchende Form sozialer Arbeit. Diese Form der Sozialarbeit ist als andauerndes Kontakt- und Hilfeangebot an Menschen zu verstehen, die aus unterschiedlichen Gr\u00fcnden aus dem gesellschaftlichen Rahmen<\/p>\n","protected":false},"author":1,"featured_media":0,"parent":0,"menu_order":0,"comment_status":"closed","ping_status":"closed","template":"","meta":{"_exactmetrics_skip_tracking":false,"_exactmetrics_sitenote_active":false,"_exactmetrics_sitenote_note":"","_exactmetrics_sitenote_category":0,"footnotes":""},"class_list":["post-127","page","type-page","status-publish","hentry"],"_links":{"self":[{"href":"https:\/\/streetwork-wuerzburg.de\/index.php?rest_route=\/wp\/v2\/pages\/127","targetHints":{"allow":["GET"]}}],"collection":[{"href":"https:\/\/streetwork-wuerzburg.de\/index.php?rest_route=\/wp\/v2\/pages"}],"about":[{"href":"https:\/\/streetwork-wuerzburg.de\/index.php?rest_route=\/wp\/v2\/types\/page"}],"author":[{"embeddable":true,"href":"https:\/\/streetwork-wuerzburg.de\/index.php?rest_route=\/wp\/v2\/users\/1"}],"replies":[{"embeddable":true,"href":"https:\/\/streetwork-wuerzburg.de\/index.php?rest_route=%2Fwp%2Fv2%2Fcomments&post=127"}],"version-history":[{"count":3,"href":"https:\/\/streetwork-wuerzburg.de\/index.php?rest_route=\/wp\/v2\/pages\/127\/revisions"}],"predecessor-version":[{"id":817,"href":"https:\/\/streetwork-wuerzburg.de\/index.php?rest_route=\/wp\/v2\/pages\/127\/revisions\/817"}],"wp:attachment":[{"href":"https:\/\/streetwork-wuerzburg.de\/index.php?rest_route=%2Fwp%2Fv2%2Fmedia&parent=127"}],"curies":[{"name":"wp","href":"https:\/\/api.w.org\/{rel}","templated":true}]}}